{"id":574,"date":"2018-11-22T12:57:32","date_gmt":"2018-11-22T12:57:32","guid":{"rendered":"https:\/\/melerorodriguez.com\/formacion\/?post_type=product&#038;p=574"},"modified":"2022-09-22T12:17:12","modified_gmt":"2022-09-22T12:17:12","slug":"shooting-ninas","status":"publish","type":"product","link":"https:\/\/melerorodriguez.com\/formacion\/video\/shooting-ninas\/","title":{"rendered":"Shooting \u00abNi\u00f1as\u00bb"},"content":{"rendered":"<h3>Shooting con dos ni\u00f1as de 4 y 9 a\u00f1os<\/h3>\n<p>\u00cdntegramente realizado con luz natural en nuestro estudio. En esta sesi\u00f3n fotogr\u00e1fica con 2 ni\u00f1as te mostramos la din\u00e1mica para lograr im\u00e1genes brillantes con solo 4 cambios de vestuario y muy pocos elementos. Trabajaremos con 2 lentes (80- 200 y 50 mm) para lograr distintos resultados. Una sesi\u00f3n divertida donde aprender\u00e1s recursos simples para producir im\u00e1genes que emocionen a tus clientes. Poses b\u00e1sicas y efectivas para no cansar a los ni\u00f1os!<\/p>\n<h4><strong>Duraci\u00f3n:<\/strong><\/h4>\n<p>Este curso tiene una duraci\u00f3n de 1 hora y 20 minutos y podr\u00e1s verlo de por vida.<\/p>\n<h4>Certificado:<\/h4>\n<p>Para obtener tu certificado deber\u00e1s enviarnos a nuestro correo* 3 fotograf\u00edas realizadas luego del curso para evaluar tu aprendizaje. Te enviaremos a tu correo un certificado de participaci\u00f3n en la capacitaci\u00f3n Online melero rodriguez\u00ae que podr\u00e1s imprimir. *nuestro correo: workshop@melerorodriguez.com<\/p>\n<p>&nbsp;<\/p>\n<p>*Para este curso hemos utilizado 2 c\u00e1maras de video en simult\u00e1neo (con operadores) y micr\u00f3fonos individuales, para que no te pierdas ning\u00fan detalle. Grabado \u00edntegramente en nuestro estudio de Rosario Argentina<\/p>\n<p>\u00a9 2018 melero rodriguez\u00ae Formaci\u00f3n a distancia.<\/p>\n<p>Esperamos que puedas disfrutar esta capacitaci\u00f3n!<\/p>\n","protected":false},"excerpt":{"rendered":"<p>Shooting con dos ni\u00f1as de 4 y 9 a\u00f1os \u00cdntegramente realizado con luz natural en nuestro estudio. En esta sesi\u00f3n fotogr\u00e1fica con 2 ni\u00f1as te mostramos la din\u00e1mica para lograr im\u00e1genes brillantes con solo 4 cambios de vestuario y muy pocos elementos. Trabajaremos con 2 lentes (80- 200 y 50 mm) para lograr distintos resultados. [&hellip;]<\/p>\n","protected":false},"featured_media":1505,"template":"","meta":[],"product_cat":[25],"product_tag":[],"acf":[],"_links":{"self":[{"href":"https:\/\/melerorodriguez.com\/formacion\/wp-json\/wp\/v2\/product\/574"}],"collection":[{"href":"https:\/\/melerorodriguez.com\/formacion\/wp-json\/wp\/v2\/product"}],"about":[{"href":"https:\/\/melerorodriguez.com\/formacion\/wp-json\/wp\/v2\/types\/product"}],"wp:featuredmedia":[{"embeddable":true,"href":"https:\/\/melerorodriguez.com\/formacion\/wp-json\/wp\/v2\/media\/1505"}],"wp:attachment":[{"href":"https:\/\/melerorodriguez.com\/formacion\/wp-json\/wp\/v2\/media?parent=574"}],"wp:term":[{"taxonomy":"product_cat","embeddable":true,"href":"https:\/\/melerorodriguez.com\/formacion\/wp-json\/wp\/v2\/product_cat?post=574"},{"taxonomy":"product_tag","embeddable":true,"href":"https:\/\/melerorodriguez.com\/formacion\/wp-json\/wp\/v2\/product_tag?post=574"}],"curies":[{"name":"wp","href":"https:\/\/api.w.org\/{rel}","templated":true}]}}